{"id":3177,"date":"2023-12-05T17:10:48","date_gmt":"2023-12-05T16:10:48","guid":{"rendered":"https:\/\/themakersclub.it\/buono-regalo-per-acquisto-prodotti-online\/"},"modified":"2023-12-22T11:04:29","modified_gmt":"2023-12-22T11:04:29","slug":"geschenkgutschein-fuer-den-online-kauf-von-produkten","status":"publish","type":"product","link":"https:\/\/themakersclub.it\/de\/geschenkgutschein-fuer-den-online-kauf-von-produkten\/","title":{"rendered":"Geschenkgutschein f\u00fcr den Online-Kauf von Produkten"},"content":{"rendered":"","protected":false},"excerpt":{"rendered":"<p>Schenken Sie einer lieben Person die M\u00f6glichkeit, einen Gutschein f\u00fcr den Kauf unserer Produkte in unserem Online-Shop zu erhalten.<\/p>\n<p>Der Empf\u00e4nger der virtuellen Geschenkkarte erh\u00e4lt einen eindeutigen Code, den er am Ende des Kaufprozesses im Abschnitt &#8222;Gutschein einl\u00f6sen&#8220; eingeben kann.<\/p>\n<p>Diese Aktion wird den Warenkorb um den Betrag reduzieren, den Sie beschlossen haben zu verschenken.<\/p>\n","protected":false},"featured_media":3017,"comment_status":"closed","ping_status":"closed","template":"","meta":{"_EventAllDay":false,"_EventTimezone":"","_EventStartDate":"","_EventEndDate":"","_EventStartDateUTC":"","_EventEndDateUTC":"","_EventShowMap":false,"_EventShowMapLink":false,"_EventURL":"","_EventCost":"","_EventCostDescription":"","_EventCurrencySymbol":"","_EventCurrencyCode":"","_EventCurrencyPosition":"","_EventDateTimeSeparator":"","_EventTimeRangeSeparator":"","_EventOrganizerID":[],"_EventVenueID":[],"_OrganizerEmail":"","_OrganizerPhone":"","_OrganizerWebsite":"","_VenueAddress":"","_VenueCity":"","_VenueCountry":"","_VenueProvince":"","_VenueState":"","_VenueZip":"","_VenuePhone":"","_VenueURL":"","_VenueStateProvince":"","_VenueLat":"","_VenueLng":"","_VenueShowMap":false,"_VenueShowMapLink":false},"product_brand":[],"product_cat":[44],"product_tag":[],"giftcard-category":[106],"class_list":{"0":"post-3177","1":"product","2":"type-product","3":"status-publish","4":"has-post-thumbnail","5":"product_cat-gutscheine","6":"giftcard-category-carte-regalo-de","8":"first","9":"instock","10":"virtual","11":"taxable","12":"purchasable","13":"product-type-gift-card"},"_links":{"self":[{"href":"https:\/\/themakersclub.it\/de\/wp-json\/wp\/v2\/product\/3177","targetHints":{"allow":["GET"]}}],"collection":[{"href":"https:\/\/themakersclub.it\/de\/wp-json\/wp\/v2\/product"}],"about":[{"href":"https:\/\/themakersclub.it\/de\/wp-json\/wp\/v2\/types\/product"}],"replies":[{"embeddable":true,"href":"https:\/\/themakersclub.it\/de\/wp-json\/wp\/v2\/comments?post=3177"}],"wp:featuredmedia":[{"embeddable":true,"href":"https:\/\/themakersclub.it\/de\/wp-json\/wp\/v2\/media\/3017"}],"wp:attachment":[{"href":"https:\/\/themakersclub.it\/de\/wp-json\/wp\/v2\/media?parent=3177"}],"wp:term":[{"taxonomy":"product_brand","embeddable":true,"href":"https:\/\/themakersclub.it\/de\/wp-json\/wp\/v2\/product_brand?post=3177"},{"taxonomy":"product_cat","embeddable":true,"href":"https:\/\/themakersclub.it\/de\/wp-json\/wp\/v2\/product_cat?post=3177"},{"taxonomy":"product_tag","embeddable":true,"href":"https:\/\/themakersclub.it\/de\/wp-json\/wp\/v2\/product_tag?post=3177"},{"taxonomy":"giftcard-category","embeddable":true,"href":"https:\/\/themakersclub.it\/de\/wp-json\/wp\/v2\/giftcard-category?post=3177"}],"curies":[{"name":"wp","href":"https:\/\/api.w.org\/{rel}","templated":true}]}}