{"id":3133,"date":"2023-12-15T14:06:19","date_gmt":"2023-12-15T13:06:19","guid":{"rendered":"https:\/\/themakersclub.it\/buono-regalo-negozio\/"},"modified":"2023-12-22T11:07:27","modified_gmt":"2023-12-22T11:07:27","slug":"geschenkgutschein-fuer-das-geschaeft","status":"publish","type":"product","link":"https:\/\/themakersclub.it\/de\/geschenkgutschein-fuer-das-geschaeft\/","title":{"rendered":"Geschenkgutschein f\u00fcr das Gesch\u00e4ft"},"content":{"rendered":"","protected":false},"excerpt":{"rendered":"<p>Erkunde die Welt des Handwerks und der Kreativit\u00e4t mit dem Online-Geschenkgutschein von The Makers Club!<\/p>\n<p>Durch den Kauf dieses Gutscheins schenkst du nicht nur die M\u00f6glichkeit, aus einer breiten Palette von hochwertigen Produkten und Dienstleistungen zu w\u00e4hlen, sondern auch die einzigartige Erfahrung, unseren gem\u00fctlichen Laden in der Via Francescani 3A in Bozen zu besuchen.<\/p>\n<p>Der Empf\u00e4nger dieses besonderen Geschenkgutscheins hat die Freiheit, die Wunder von The Makers Club zu erkunden und aus exklusiven Produkten und Dienstleistungen in unserem Laden zu w\u00e4hlen. Nach Erhalt des Gutscheins gen\u00fcgt es, ihn auszudrucken oder zu fotografieren, um ihn unserem Personal bei Ankunft im Laden zu zeigen.<\/p>\n<p>Schenke einer lieben Person die Freude, die Kunst und Leidenschaft zu entdecken, die hinter jedem Produkt unseres Ladens stecken. Kaufe noch heute den Online-Geschenkgutschein von The Makers Club und schenke eine einzigartige und unvergessliche Erfahrung im Herzen von Bozen!<\/p>\n","protected":false},"featured_media":3049,"comment_status":"closed","ping_status":"closed","template":"","meta":{"_EventAllDay":false,"_EventTimezone":"","_EventStartDate":"","_EventEndDate":"","_EventStartDateUTC":"","_EventEndDateUTC":"","_EventShowMap":false,"_EventShowMapLink":false,"_EventURL":"","_EventCost":"","_EventCostDescription":"","_EventCurrencySymbol":"","_EventCurrencyCode":"","_EventCurrencyPosition":"","_EventDateTimeSeparator":"","_EventTimeRangeSeparator":"","_EventOrganizerID":[],"_EventVenueID":[],"_OrganizerEmail":"","_OrganizerPhone":"","_OrganizerWebsite":"","_VenueAddress":"","_VenueCity":"","_VenueCountry":"","_VenueProvince":"","_VenueState":"","_VenueZip":"","_VenuePhone":"","_VenueURL":"","_VenueStateProvince":"","_VenueLat":"","_VenueLng":"","_VenueShowMap":false,"_VenueShowMapLink":false},"product_brand":[],"product_cat":[44],"product_tag":[],"giftcard-category":[106],"class_list":{"0":"post-3133","1":"product","2":"type-product","3":"status-publish","4":"has-post-thumbnail","5":"product_cat-gutscheine","6":"giftcard-category-carte-regalo-de","8":"first","9":"instock","10":"virtual","11":"taxable","12":"purchasable","13":"product-type-gift-card"},"_links":{"self":[{"href":"https:\/\/themakersclub.it\/de\/wp-json\/wp\/v2\/product\/3133","targetHints":{"allow":["GET"]}}],"collection":[{"href":"https:\/\/themakersclub.it\/de\/wp-json\/wp\/v2\/product"}],"about":[{"href":"https:\/\/themakersclub.it\/de\/wp-json\/wp\/v2\/types\/product"}],"replies":[{"embeddable":true,"href":"https:\/\/themakersclub.it\/de\/wp-json\/wp\/v2\/comments?post=3133"}],"wp:featuredmedia":[{"embeddable":true,"href":"https:\/\/themakersclub.it\/de\/wp-json\/wp\/v2\/media\/3049"}],"wp:attachment":[{"href":"https:\/\/themakersclub.it\/de\/wp-json\/wp\/v2\/media?parent=3133"}],"wp:term":[{"taxonomy":"product_brand","embeddable":true,"href":"https:\/\/themakersclub.it\/de\/wp-json\/wp\/v2\/product_brand?post=3133"},{"taxonomy":"product_cat","embeddable":true,"href":"https:\/\/themakersclub.it\/de\/wp-json\/wp\/v2\/product_cat?post=3133"},{"taxonomy":"product_tag","embeddable":true,"href":"https:\/\/themakersclub.it\/de\/wp-json\/wp\/v2\/product_tag?post=3133"},{"taxonomy":"giftcard-category","embeddable":true,"href":"https:\/\/themakersclub.it\/de\/wp-json\/wp\/v2\/giftcard-category?post=3133"}],"curies":[{"name":"wp","href":"https:\/\/api.w.org\/{rel}","templated":true}]}}