{"id":3103,"date":"2023-12-07T16:50:30","date_gmt":"2023-12-07T15:50:30","guid":{"rendered":"https:\/\/themakersclub.it\/membership-card\/"},"modified":"2023-12-21T13:46:14","modified_gmt":"2023-12-21T13:46:14","slug":"membership-card","status":"publish","type":"product","link":"https:\/\/themakersclub.it\/de\/membership-card\/","title":{"rendered":"Membership Card"},"content":{"rendered":"","protected":false},"excerpt":{"rendered":"<ul>\n<li>Bevorzugter Zugang zu Terminen f\u00fcr Dienstleistungen im Friseursalon<\/li>\n<li>20% Rabatt auf Schnitte und Dienstleistungen im Friseursalon und 10% Rabatt auf den Kauf von The Makers Club-Produkten<\/li>\n<li>Kostenloses Kit mit The Makers Club-Produkten<\/li>\n<li>Konkrete Unterst\u00fctzung und Sichtbarkeit f\u00fcr Handwerker und K\u00fcnstler<\/li>\n<li>Teilnahme an den Veranstaltungen von The Essence of Craft<\/li>\n<li>Reservierung und Vorverkauf von Handwerksprodukten und Kunstobjekten, die in The Essence of Craft pr\u00e4sentiert werden<\/li>\n<\/ul>\n<p><a href=\"\/de\/community\/\">o\tWeitere Informationen<br \/>\n<\/a><\/p>\n","protected":false},"featured_media":3019,"comment_status":"closed","ping_status":"closed","template":"","meta":{"_EventAllDay":false,"_EventTimezone":"","_EventStartDate":"","_EventEndDate":"","_EventStartDateUTC":"","_EventEndDateUTC":"","_EventShowMap":false,"_EventShowMapLink":false,"_EventURL":"","_EventCost":"","_EventCostDescription":"","_EventCurrencySymbol":"","_EventCurrencyCode":"","_EventCurrencyPosition":"","_EventDateTimeSeparator":"","_EventTimeRangeSeparator":"","_EventOrganizerID":[],"_EventVenueID":[],"_OrganizerEmail":"","_OrganizerPhone":"","_OrganizerWebsite":"","_VenueAddress":"","_VenueCity":"","_VenueCountry":"","_VenueProvince":"","_VenueState":"","_VenueZip":"","_VenuePhone":"","_VenueURL":"","_VenueStateProvince":"","_VenueLat":"","_VenueLng":"","_VenueShowMap":false,"_VenueShowMapLink":false},"product_brand":[],"product_cat":[46],"product_tag":[],"giftcard-category":[],"class_list":{"0":"post-3103","1":"product","2":"type-product","3":"status-publish","4":"has-post-thumbnail","5":"product_cat-membership-de","7":"first","8":"instock","9":"taxable","10":"shipping-taxable","11":"purchasable","12":"product-type-simple"},"_links":{"self":[{"href":"https:\/\/themakersclub.it\/de\/wp-json\/wp\/v2\/product\/3103","targetHints":{"allow":["GET"]}}],"collection":[{"href":"https:\/\/themakersclub.it\/de\/wp-json\/wp\/v2\/product"}],"about":[{"href":"https:\/\/themakersclub.it\/de\/wp-json\/wp\/v2\/types\/product"}],"replies":[{"embeddable":true,"href":"https:\/\/themakersclub.it\/de\/wp-json\/wp\/v2\/comments?post=3103"}],"wp:featuredmedia":[{"embeddable":true,"href":"https:\/\/themakersclub.it\/de\/wp-json\/wp\/v2\/media\/3019"}],"wp:attachment":[{"href":"https:\/\/themakersclub.it\/de\/wp-json\/wp\/v2\/media?parent=3103"}],"wp:term":[{"taxonomy":"product_brand","embeddable":true,"href":"https:\/\/themakersclub.it\/de\/wp-json\/wp\/v2\/product_brand?post=3103"},{"taxonomy":"product_cat","embeddable":true,"href":"https:\/\/themakersclub.it\/de\/wp-json\/wp\/v2\/product_cat?post=3103"},{"taxonomy":"product_tag","embeddable":true,"href":"https:\/\/themakersclub.it\/de\/wp-json\/wp\/v2\/product_tag?post=3103"},{"taxonomy":"giftcard-category","embeddable":true,"href":"https:\/\/themakersclub.it\/de\/wp-json\/wp\/v2\/giftcard-category?post=3103"}],"curies":[{"name":"wp","href":"https:\/\/api.w.org\/{rel}","templated":true}]}}