{"id":3078,"date":"2023-01-12T10:20:54","date_gmt":"2023-01-12T10:20:54","guid":{"rendered":"https:\/\/themakersclub.it\/privacy-policy\/"},"modified":"2023-12-21T10:54:20","modified_gmt":"2023-12-21T10:54:20","slug":"privacy-policy","status":"publish","type":"page","link":"https:\/\/themakersclub.it\/de\/privacy-policy\/","title":{"rendered":"Privacy Policy"},"content":{"rendered":"[vc_row type=&#8220;in_container&#8220; full_screen_row_position=&#8220;middle&#8220; column_margin=&#8220;default&#8220; column_direction=&#8220;default&#8220; column_direction_tablet=&#8220;default&#8220; column_direction_phone=&#8220;default&#8220; scene_position=&#8220;center&#8220; top_padding=&#8220;5%&#8220; text_color=&#8220;dark&#8220; text_align=&#8220;left&#8220; row_border_radius=&#8220;none&#8220; row_border_radius_applies=&#8220;bg&#8220; overflow=&#8220;visible&#8220; overlay_strength=&#8220;0.3&#8243; gradient_direction=&#8220;left_to_right&#8220; shape_divider_position=&#8220;bottom&#8220; bg_image_animation=&#8220;none&#8220; gradient_type=&#8220;default&#8220; shape_type=&#8220;&#8220;][vc_column column_padding=&#8220;no-extra-padding&#8220; column_padding_tablet=&#8220;inherit&#8220; column_padding_phone=&#8220;inherit&#8220; column_padding_position=&#8220;all&#8220; column_element_direction_desktop=&#8220;default&#8220; column_element_spacing=&#8220;default&#8220; desktop_text_alignment=&#8220;default&#8220; tablet_text_alignment=&#8220;default&#8220; phone_text_alignment=&#8220;default&#8220; background_color_opacity=&#8220;1&#8243; background_hover_color_opacity=&#8220;1&#8243; column_backdrop_filter=&#8220;none&#8220; column_shadow=&#8220;none&#8220; column_border_radius=&#8220;none&#8220; column_link_target=&#8220;_self&#8220; column_position=&#8220;default&#8220; gradient_direction=&#8220;left_to_right&#8220; overlay_strength=&#8220;0.3&#8243; width=&#8220;1\/1&#8243; tablet_width_inherit=&#8220;default&#8220; animation_type=&#8220;default&#8220; bg_image_animation=&#8220;none&#8220; border_type=&#8220;simple&#8220; column_border_width=&#8220;none&#8220; column_border_style=&#8220;solid&#8220;][split_line_heading animation_type=&#8220;line-reveal-by-space&#8220; font_style=&#8220;h1&#8243; line_reveal_by_space_text_effect=&#8220;default&#8220; content_alignment=&#8220;default&#8220; mobile_content_alignment=&#8220;inherit&#8220; link_target=&#8220;_self&#8220; text_content=&#8220;Privacy Policy&#8220;][\/split_line_heading][\/vc_column][\/vc_row][vc_row type=&#8220;in_container&#8220; full_screen_row_position=&#8220;middle&#8220; column_margin=&#8220;default&#8220; column_direction=&#8220;default&#8220; column_direction_tablet=&#8220;default&#8220; column_direction_phone=&#8220;default&#8220; scene_position=&#8220;center&#8220; top_padding=&#8220;5%&#8220; constrain_group_1=&#8220;yes&#8220; bottom_padding=&#8220;5%&#8220; text_color=&#8220;dark&#8220; text_align=&#8220;left&#8220; row_border_radius=&#8220;none&#8220; row_border_radius_applies=&#8220;bg&#8220; overflow=&#8220;visible&#8220; overlay_strength=&#8220;0.3&#8243; gradient_direction=&#8220;left_to_right&#8220; shape_divider_position=&#8220;bottom&#8220; bg_image_animation=&#8220;none&#8220; gradient_type=&#8220;default&#8220; shape_type=&#8220;&#8220;][vc_column column_padding=&#8220;no-extra-padding&#8220; column_padding_tablet=&#8220;inherit&#8220; column_padding_phone=&#8220;inherit&#8220; column_padding_position=&#8220;all&#8220; column_element_direction_desktop=&#8220;default&#8220; column_element_spacing=&#8220;default&#8220; desktop_text_alignment=&#8220;default&#8220; tablet_text_alignment=&#8220;default&#8220; phone_text_alignment=&#8220;default&#8220; background_color_opacity=&#8220;1&#8243; background_hover_color_opacity=&#8220;1&#8243; column_backdrop_filter=&#8220;none&#8220; column_shadow=&#8220;none&#8220; column_border_radius=&#8220;none&#8220; column_link_target=&#8220;_self&#8220; column_position=&#8220;default&#8220; gradient_direction=&#8220;left_to_right&#8220; overlay_strength=&#8220;0.3&#8243; width=&#8220;1\/1&#8243; tablet_width_inherit=&#8220;default&#8220; animation_type=&#8220;default&#8220; bg_image_animation=&#8220;none&#8220; border_type=&#8220;simple&#8220; column_border_width=&#8220;none&#8220; column_border_style=&#8220;solid&#8220;][vc_column_text]Information gem\u00e4\u00df Gesetzesdekret vom 30.06.2003 &#8222;DATENSCHUTZGESETZ&#8220;<\/p>\n<p>Gem\u00e4\u00df Art. 13 des Gesetzesdekrets vom 30. Juni 2003 Nr. 196 informieren wir Sie dar\u00fcber, dass unser Unternehmen TMC Italia Srl personenbezogene Daten von Kunden und Lieferanten sowie von Personen verarbeitet, die ihre pers\u00f6nlichen Daten freiwillig mitteilen (telefonisch, per Fax oder per E-Mail) an unser Handelsb\u00fcro oder unsere Unternehmensleitung, und von Personen, deren Daten beispielsweise im Rahmen von Datenerfassungsoperationen bei Dritten gesammelt wurden, beispielsweise f\u00fcr Handelsinformationen, \u00f6ffentliche Verzeichnisse usw. In letzterem Fall handelt es sich ausschlie\u00dflich um personenbezogene Daten von allgemeiner Natur.<\/p>\n<p>Unser Unternehmen garantiert im Rahmen der gesetzlichen Bestimmungen, dass die Verarbeitung personenbezogener Daten unter Einhaltung der Rechte der grundlegenden Freiheiten sowie der W\u00fcrde der betroffenen Person erfolgt, insbesondere in Bezug auf Vertraulichkeit, pers\u00f6nliche Identit\u00e4t und das Recht auf Schutz personenbezogener Daten.<\/p>\n<p>Zweck der Verarbeitung Erf\u00fcllung gesetzlicher Verpflichtungen, Vorschriften, gemeinschaftsrechtlicher Bestimmungen, zivil- und steuerrechtlicher Normen Erf\u00fcllung etwaiger vertraglicher Verpflichtungen gegen\u00fcber der betroffenen Person Durchf\u00fchrung von Aktivit\u00e4ten im Zusammenhang mit der wirtschaftlichen T\u00e4tigkeit unseres Unternehmens, wie die Erstellung von Registern und internen Statistiken, Rechnungsstellung, Buchf\u00fchrung f\u00fcr Kunden und Lieferanten Kommerzielle Zwecke, wie Versand von Handelsinformationen und Werbematerial (per Post, Fax und E-Mail), Marketing und Marktforschung Schutz von Forderungen und Schuldenmanagement Versicherungszwecke, insbesondere f\u00fcr Kreditversicherungen<\/p>\n<p>FREIWILLIGKEIT DER DATEN\u00dcBERGABE: Unbeschadet des oben Genannten ist der Benutzer im Falle von Navigationsdaten frei, dem Herausgeber\/dem Verantwortlichen f\u00fcr die Verarbeitung zus\u00e4tzliche Daten zur Verf\u00fcgung zu stellen, um auf bestimmte Dienste zuzugreifen, wie Foren, Newsletter, E-Commerce-Dienste oder Anfragen, die er an die Website themakersclub.it senden m\u00f6chte, und autorisiert damit die Verarbeitung im Rahmen und f\u00fcr die Zwecke des angeforderten Dienstes oder der angeforderten Informationen. Das Unterlassen der \u00dcbermittlung kann dazu f\u00fchren, dass der Dienst nicht erbracht wird oder Informationen nicht verf\u00fcgbar sind. Es wird auch darauf hingewiesen, dass die Annahme von sogenannten Cookies eine notwendige und unverzichtbare Bedingung f\u00fcr die Nutzung des Dienstes zum Anzeigen dynamischer Seiten ist.<\/p>\n<p>\u00dcBERMITTLUNG UND\/ODER VERBREITUNG VON DATEN: Die personenbezogenen Daten der Benutzer werden nur zu dem Zweck verwendet, den angeforderten Dienst oder die angeforderte Leistung zu erbringen, und werden Dritten nur dann mitgeteilt, wenn: An Kreditinstitute, mit denen unser Unternehmen Beziehungen zur Kredit-\/Schuldenverwaltung und finanziellen Vermittlung unterh\u00e4lt An nat\u00fcrliche und\/oder juristische Personen, \u00f6ffentliche und\/oder private (Rechtsberatungs-, Verwaltungs- und Steuerberatungsb\u00fcros, Gerichte, Handelskammern usw.), wenn dies im Hinblick auf den vom Benutzer angeforderten Dienst erforderlich ist; die Mitteilung aufgrund gesetzlicher oder beh\u00f6rdlicher Verpflichtungen erforderlich ist oder aufgrund m\u00f6glicher gerichtlicher Ma\u00dfnahmen aufgrund einer speziellen Anordnung erfolgt; der Benutzer ausdr\u00fccklich zustimmt und der Eigent\u00fcmer der Website oder der f\u00fcr die Datenverarbeitung Verantwortliche ausdr\u00fccklich autorisiert ist, seine Gesch\u00e4ftsdaten an Dritte weiterzuleiten, um gezielt kommerzielle Angebote entsprechend den auf der Grundlage der erworbenen und bereitgestellten Daten ge\u00e4u\u00dferten Vorlieben und W\u00fcnschen zu erhalten.<\/p>\n<p>VERARBEITUNGSART<\/p>\n<p>Die personenbezogenen Daten werden mit automatisierten Mitteln in anonymer Form verarbeitet, solange dies f\u00fcr die Zwecke, f\u00fcr die sie gesammelt wurden, unbedingt erforderlich ist. Es werden spezifische Sicherheitsma\u00dfnahmen getroffen, um den Verlust von Daten, unbefugte oder nicht korrekte Verwendung und unbefugten Zugriff zu verhindern. Die von unserem Unternehmen verarbeiteten personenbezogenen Daten unterliegen keiner Verbreitung. Die Verarbeitung kann mit oder ohne elektronische Mittel erfolgen und umfasst alle im Art. 4 Abs. 1 Buchstabe a des Gesetzesdekrets vom 30. Juni 2003 Nr. 196 vorgesehenen Operationen, die f\u00fcr die betreffende Verarbeitung erforderlich sind. Die Verarbeitung erfolgt jedoch unter Einhaltung aller Vorsichtsma\u00dfnahmen, die Sicherheit und Vertraulichkeit gew\u00e4hrleisten.<\/p>\n<p>Der Datenschutzkodex gew\u00e4hrt den betroffenen Personen die Aus\u00fcbung bestimmter Rechte gem\u00e4\u00df Art. 7. Insbesondere kann der Benutzer vom Verantwortlichen die Best\u00e4tigung dar\u00fcber verlangen, ob ihn betreffende personenbezogene Daten vorliegen, und deren Mitteilung in verst\u00e4ndlicher Form. Der Benutzer kann auch die Herkunft der Daten, die Zwecke und die Methoden der Verarbeitung sowie die angewandte Logik bei Verarbeitung mithilfe elektronischer Mittel erfahren, die Identifizierung der Identifikationsdaten des Verantwortlichen, der benannten Verantwortlichen und der Personen und Kategorien von Personen, denen die Daten mitgeteilt werden k\u00f6nnen oder die davon Kenntnis erlangen k\u00f6nnen.<\/p>\n<p>VERANTWORTLICHER F\u00dcR DIE DATENVERARBEITUNG<\/p>\n<p>Der Verantwortliche f\u00fcr die Datenverarbeitung ist Daniele Bissaro Der Inhaber der Rechte an der Datenverarbeitung ist Daniele Bissaro<\/p>\n<p>ORT DER DATENVERARBEITUNG<\/p>\n<p>Die mit den Webdiensten verbundenen Verarbeitungen, die von dieser Website angeboten werden, finden am Sitz des f\u00fcr die Verarbeitung Verantwortlichen von TMC Italia Srl statt, der sich derzeit in der Via dei Francescani 3A, 39100 Bozen, befindet. Sie werden nur von autorisiertem Personal durchgef\u00fchrt, das ausdr\u00fccklich dazu beauftragt und geschult ist. Keine aus dem Webdienst stammenden Daten werden ohne ausdr\u00fcckliche Genehmigung des Beauftragten an Dritte weitergegeben oder verbreitet oder f\u00fcr Zwecke verwendet, die nicht ausdr\u00fccklich autorisiert sind.<\/p>\n<p>Cookie-Richtlinie TMC Italia Srl: Um Ihren Besuch auf unserer Website so angenehm wie m\u00f6glich zu gestalten und unser Produktsortiment vorzustellen, verwenden wir Cookies. Dies sind kleine Textaggregate, die lokal im tempor\u00e4ren Speicher Ihres Browsers und somit auf Ihrem Computer f\u00fcr unterschiedliche Zeitr\u00e4ume, je nach Bedarf und in der Regel zwischen wenigen Stunden und mehreren Jahren, gespeichert werden, mit Ausnahme von Profilierungscookies, deren maximale Laufzeit 365 Sonnentage betr\u00e4gt. Durch Cookies k\u00f6nnen Informationen zu Ihren Vorlieben und anderen technischen Daten halbpermanent gespeichert werden, um eine reibungslosere Navigation und eine effizientere Nutzung der Website zu erm\u00f6glichen. Zum Beispiel k\u00f6nnen Cookies verwendet werden, um festzustellen, ob bereits eine Verbindung zwischen Ihrem Computer und unseren Websites hergestellt wurde, um Neuigkeiten zu kennzeichnen oder Anmeldeinformationen beizubehalten. Zur Sicherheit wird nur das auf Ihrem Computer gespeicherte Cookie identifiziert. Die vorliegende Nutzung macht \u00fcberhaupt keinen Gebrauch von sogenannten Profilierungscookies. Keine Daten zu Ihren Vorlieben, Pr\u00e4ferenzen, Hobbys und Leidenschaften oder anderen f\u00fcr kommerzielle Zwecke oder \u00e4hnliches relevanten Informationen werden gespeichert oder analysiert.<\/p>\n<p>Arten von implementierten Cookies: Diese Website verwendet zwei verschiedene Arten von Cookies:<\/p>\n<p>A) Notwendige technische Cookies: Diese Cookies sind f\u00fcr das ordnungsgem\u00e4\u00dfe Funktionieren der Website erforderlich. Sie erm\u00f6glichen das Navigieren durch die Seiten, das Teilen unserer Inhalte, das Speichern Ihrer Anmeldeinformationen, um den Zugriff auf die Website zu beschleunigen, und das Beibehalten Ihrer Pr\u00e4ferenzen und Anmeldeinformationen w\u00e4hrend der Navigation. Ohne diese Cookies k\u00f6nnten wir die Dienstleistungen, f\u00fcr die Benutzer auf die Website zugreifen, nicht bereitstellen.<\/p>\n<p>B) Statistische und Leistungscookies: Diese Cookies erm\u00f6glichen es uns zu erfahren, wie Besucher die Website nutzen, um deren Funktionieren zu bewerten und zu verbessern und Inhalte zu erstellen, die den Informationsbed\u00fcrfnissen unserer Benutzer am besten entsprechen. Sie erm\u00f6glichen beispielsweise die Kenntnis der am h\u00e4ufigsten und am wenigsten besuchten Seiten. Sie ber\u00fccksichtigen unter anderem die Anzahl der Besucher, die durchschnittliche Verweildauer auf der Website und deren Anreisemethoden. Auf diese Weise k\u00f6nnen wir feststellen, was gut funktioniert und was verbessert werden kann, sowie sicherstellen, dass die Seiten schnell geladen und korrekt angezeigt werden. Alle von diesen Cookies gesammelten Informationen und Daten sind anonym und nicht mit den pers\u00f6nlichen Daten des Benutzers verkn\u00fcpft und werden vom Standort in aggregierter Form verwaltet. Zur Ausf\u00fchrung dieser Funktionen verwenden wir die Dienste von Dritten, die die Daten anonymisieren und nicht auf einzelne Personen zur\u00fcckf\u00fchrbar machen (sogenanntes &#8222;Single-In&#8220;). Falls nicht vollst\u00e4ndig anonymisierte Dienste vorhanden sind, finden Sie sie in der Liste der Drittanbieter-Cookies, f\u00fcr die Sie Ihre Zustimmung verweigern k\u00f6nnen, um Ihre Privatsph\u00e4re zu sch\u00fctzen. In diesem Sinne verwendet diese Website Google Analytics. Google Analytics ist ein Webanalysedienst von Google, Inc. (&#8222;Google&#8220;). Google Analytics verwendet &#8222;Cookies&#8220;, um der Website zu erm\u00f6glichen, zu analysieren, wie Benutzer die Website nutzen. Die durch den Cookie erzeugten Informationen \u00fcber die Nutzung der Website durch Sie (einschlie\u00dflich Ihrer IP-Adresse) werden an die Server von Google in den USA \u00fcbertragen und dort gespeichert. Google wird diese Informationen verwenden, um Ihre Nutzung der Website zu verfolgen und zu \u00fcberpr\u00fcfen, Berichte \u00fcber die Website-Aktivit\u00e4ten f\u00fcr die Website-Betreiber zu erstellen und andere mit der Website-Aktivit\u00e4t und der Nutzung des Internets verbundene Dienstleistungen zu erbringen. Google kann diese Informationen auch an Dritte weitergeben, sofern dies gesetzlich vorgeschrieben ist oder soweit diese Dritten die Informationen im Auftrag von Google verarbeiten. Google wird Ihre IP-Adresse nicht mit anderen von Google gehaltenen Daten in Verbindung bringen.<\/p>\n<p>Die durch die auf der Website vorhandenen Cookies materiell ausge\u00fcbten Funktionen sind wie folgt:<\/p>\n<p>Pr\u00e4ferenzen Die Verlust der im Pr\u00e4ferenzcookie gespeicherten Informationen k\u00f6nnte die Benutzererfahrung auf der Website beeintr\u00e4chtigen, sollte jedoch nicht deren Funktion beeintr\u00e4chtigen. Die meisten Google-Benutzer haben ein Pr\u00e4ferenzcookie namens &#8222;PREF&#8220; in ihren Browsern. Ein Browser sendet dieses Cookie mit Anfragen an Google-Sites. Das PREF-Cookie kann Ihre Vorlieben und andere Informationen speichern, insbesondere Ihre bevorzugte Sprache (zum Beispiel Italienisch), die Anzahl der Suchergebnisse, die Sie f\u00fcr jede Seite anzeigen m\u00f6chten (zum Beispiel 10 oder 20), und Ihre SafeSearch-Filtereinstellungen von Google.<\/p>\n<p>Sicherheit Wir verwenden Sicherheitscookies, um Benutzer zu authentifizieren, den betr\u00fcgerischen Gebrauch von Anmeldeinformationen zu verhindern und Benutzerdaten vor unbefugtem Zugriff zu sch\u00fctzen. Zum Beispiel verwenden wir Cookies namens &#8222;SID&#8220; und &#8222;HSID&#8220;, die digitale und verschl\u00fcsselte Aufzeichnungen f\u00fcr die Google-Kontonummer eines Benutzers und sein letztes Zugriffsdatum enthalten. Die Kombination dieser beiden Cookies erm\u00f6glicht es uns, viele Arten von Angriffen zu blockieren, wie zum Beispiel den Versuch, Inhalte von ausgef\u00fcllten Formularen auf Webseiten zu stehlen.<\/p>\n<p>Prozesse Die Prozesscookies tragen zum Betrieb von Websites und zur Bereitstellung der erwarteten Dienstleistungen bei, z. B. der M\u00f6glichkeit, zwischen Seiten zu navigieren oder auf gesch\u00fctzte Bereiche der Website zuzugreifen. Ohne diese Cookies kann die Website nicht ordnungsgem\u00e4\u00df funktionieren. Zum Beispiel verwenden wir ein Cookie namens &#8222;lbcs&#8220;, das Google Docs erm\u00f6glicht, viele Dokumente in einem einzigen Browser zu \u00f6ffnen. Das Blockieren dieses Cookies k\u00f6nnte die ordnungsgem\u00e4\u00dfe Funktion von Google Docs beeintr\u00e4chtigen.<\/p>\n<p>Analytik Google Analytics ist ein Analysetool von Google, das Website- und App-Besitzern hilft, zu verstehen, wie Besucher mit ihren Inhalten interagieren. Es kann eine Reihe von Cookies verwenden, um Informationen zu sammeln und Statistiken \u00fcber die Nutzung der Website zu generieren, ohne dass Google einzelne Besucher pers\u00f6nlich identifiziert. Neben der Erstellung von Berichten \u00fcber die Statistiken der Website-Nutzung kann das Google Analytics-Pixel-Tag zusammen mit einigen oben beschriebenen Werbe-Cookies verwendet werden, um uns die Anzeige relevanterer Ergebnisse in Google-Eigenschaften (wie Google-Suche) und im gesamten Web zu erm\u00f6glichen. Weitere Informationen zu Google Analytics-Cookies und Datenschutz finden Sie auf der Website von Google.<\/p>\n<p>Verwaltung von Cookies und Einstellungen: Wenn Sie Bedenken oder Bedenken hinsichtlich der Verwendung von Cookies haben, k\u00f6nnen Sie immer eingreifen, um deren Einrichtung und Lesezugriff zu verhindern, indem Sie beispielsweise die Datenschutzeinstellungen in Ihrem Browser \u00e4ndern, um bestimmte Typen zu blockieren. Da jeder Browser &#8211; und oft verschiedene Versionen desselben Browsers &#8211; erhebliche Unterschiede aufweisen kann, finden Sie detaillierte Informationen zum erforderlichen Verfahren in der Anleitung Ihres Browsers. Eine \u00dcbersicht \u00fcber die Aktionen f\u00fcr die gebr\u00e4uchlichsten Browser finden Sie unter <a href=\"http:\/\/www.cookiepedia.co.uk\/\" target=\"_new\" rel=\"noopener\">www.cookiepedia.co.uk<\/a>. Die meisten Browser erm\u00f6glichen die Verwaltung von Cookie-Pr\u00e4ferenzen. Sie k\u00f6nnen Ihren Browser so einstellen, dass er Cookies ablehnt oder nur bestimmte l\u00f6scht. Auf die gleiche Weise, wie die Verwendung von Cookies deaktiviert werden kann, k\u00f6nnen auch andere \u00e4hnliche Technologien deaktiviert werden.<\/p>\n<p>Die folgenden Links zeigen, wie Sie die Einstellungen f\u00fcr die am h\u00e4ufigsten verwendeten Browser festlegen k\u00f6nnen:<\/p>\n<p>Internet Explorer Firefox Safari Chrome<\/p>\n<p>Weitere Informationen und die M\u00f6glichkeit zum Opt-out finden Sie unter <a href=\"http:\/\/www.youronlinechoices.eu\/\" target=\"_new\" rel=\"noopener\">www.youronlinechoices.eu<\/a>. Werbetreibende Unternehmen erm\u00f6glichen es Ihnen auch, sich von gezielten Anzeigen abzumelden, wenn Sie dies w\u00fcnschen. Dies verhindert nicht die Einrichtung von Cookies, unterbricht jedoch die Verwendung und Sammlung einiger Daten durch diese Unternehmen. Sie k\u00f6nnen sich weigern, Cookies zu verwenden, indem Sie die entsprechende Einstellung in Ihrem Browser ausw\u00e4hlen, dies kann jedoch verhindern, dass Sie alle Funktionen dieser Website vollst\u00e4ndig nutzen. Durch die Nutzung dieser Website stimmen Sie der Verarbeitung Ihrer Daten durch Google in der oben beschriebenen Weise und zu den genannten Zwecken zu. Die Installation von Cookies kann durch die entsprechende Browser-Einstellung blockiert werden. Es sei jedoch darauf hingewiesen, dass durch das Aktivieren der Blockierung einige Funktionen dieser Website m\u00f6glicherweise nicht vollst\u00e4ndig genutzt werden k\u00f6nnen. Sie k\u00f6nnen die Aufzeichnung und Verarbeitung von durch Cookies generierten Informationen (einschlie\u00dflich der IP-Adresse) durch Google verhindern.<\/p>\n<p>Akzeptanz und Verzicht auf Cookies: Durch Fortsetzen der Navigation auf dieser Website, Schlie\u00dfen der Informationsleiste oder Klicken an einer beliebigen Stelle der Seite oder Durchscrollen, um weiteren Inhalt zu markieren, akzeptieren Sie die Cookie-Richtlinie der Website themakersclub.it von TMC Italia Srl und es werden Cookies gesetzt und gesammelt. Sie haben jederzeit die M\u00f6glichkeit, diese Cookies durch die in Abschnitt &#8222;Verwaltung von Cookies&#8220; genannten Methoden zu entfernen.<\/p>\n<p>RECHTE DER BETROFFENEN: Die betroffene Person hat das Recht auf Aktualisierung, Berichtigung, Erg\u00e4nzung, L\u00f6schung, Anonymisierung oder Sperrung von Daten, die rechtswidrig verarbeitet werden. Die betroffene Person hat das Recht, sich aus legitimen Gr\u00fcnden ganz oder teilweise der Verarbeitung der sie betreffenden personenbezogenen Daten zu widersetzen, auch wenn diese f\u00fcr den Zweck der Erhebung relevant sind, sowie ohne Grund der Verarbeitung ihrer personenbezogenen Daten f\u00fcr Zwecke der Zusendung von Werbematerial und Direktverkauf oder f\u00fcr Marktforschung oder kommerzielle Kommunikation. Die genannten Rechte k\u00f6nnen, auch durch Beauftragte, durch Anfrage an: Daniele Bissaro, TMC Italia Srl, Via dei Francescani 3A, 39100 Bozen, per Einschreiben oder E-Mail an die Adresse: <a target=\"_new\" rel=\"noopener\">info@themakersclub.it<\/a>, ausge\u00fcbt werden.[\/vc_column_text][\/vc_column][\/vc_row]\n","protected":false},"excerpt":{"rendered":"<p>[vc_row type=&#8220;in_container&#8220; full_screen_row_position=&#8220;middle&#8220; column_margin=&#8220;default&#8220; column_direction=&#8220;default&#8220; column_direction_tablet=&#8220;default&#8220; column_direction_phone=&#8220;default&#8220; scene_position=&#8220;center&#8220; top_padding=&#8220;5%&#8220; text_color=&#8220;dark&#8220; text_align=&#8220;left&#8220; row_border_radius=&#8220;none&#8220; row_border_radius_applies=&#8220;bg&#8220; overflow=&#8220;visible&#8220; overlay_strength=&#8220;0.3&#8243; gradient_direction=&#8220;left_to_right&#8220; shape_divider_position=&#8220;bottom&#8220; bg_image_animation=&#8220;none&#8220; gradient_type=&#8220;default&#8220; shape_type=&#8220;&#8220;][vc_column column_padding=&#8220;no-extra-padding&#8220; column_padding_tablet=&#8220;inherit&#8220; column_padding_phone=&#8220;inherit&#8220; column_padding_position=&#8220;all&#8220; column_element_direction_desktop=&#8220;default&#8220; column_element_spacing=&#8220;default&#8220; desktop_text_alignment=&#8220;default&#8220; tablet_text_alignment=&#8220;default&#8220; phone_text_alignment=&#8220;default&#8220; background_color_opacity=&#8220;1&#8243; background_hover_color_opacity=&#8220;1&#8243; column_backdrop_filter=&#8220;none&#8220; column_shadow=&#8220;none&#8220; column_border_radius=&#8220;none&#8220; column_link_target=&#8220;_self&#8220;&#8230;<\/p>\n","protected":false},"author":1,"featured_media":0,"parent":0,"menu_order":0,"comment_status":"closed","ping_status":"closed","template":"","meta":{"_EventAllDay":false,"_EventTimezone":"","_EventStartDate":"","_EventEndDate":"","_EventStartDateUTC":"","_EventEndDateUTC":"","_EventShowMap":false,"_EventShowMapLink":false,"_EventURL":"","_EventCost":"","_EventCostDescription":"","_EventCurrencySymbol":"","_EventCurrencyCode":"","_EventCurrencyPosition":"","_EventDateTimeSeparator":"","_EventTimeRangeSeparator":"","_EventOrganizerID":[],"_EventVenueID":[],"_OrganizerEmail":"","_OrganizerPhone":"","_OrganizerWebsite":"","_VenueAddress":"","_VenueCity":"","_VenueCountry":"","_VenueProvince":"","_VenueState":"","_VenueZip":"","_VenuePhone":"","_VenueURL":"","_VenueStateProvince":"","_VenueLat":"","_VenueLng":"","_VenueShowMap":false,"_VenueShowMapLink":false,"footnotes":""},"class_list":["post-3078","page","type-page","status-publish"],"_links":{"self":[{"href":"https:\/\/themakersclub.it\/de\/wp-json\/wp\/v2\/pages\/3078","targetHints":{"allow":["GET"]}}],"collection":[{"href":"https:\/\/themakersclub.it\/de\/wp-json\/wp\/v2\/pages"}],"about":[{"href":"https:\/\/themakersclub.it\/de\/wp-json\/wp\/v2\/types\/page"}],"author":[{"embeddable":true,"href":"https:\/\/themakersclub.it\/de\/wp-json\/wp\/v2\/users\/1"}],"replies":[{"embeddable":true,"href":"https:\/\/themakersclub.it\/de\/wp-json\/wp\/v2\/comments?post=3078"}],"version-history":[{"count":1,"href":"https:\/\/themakersclub.it\/de\/wp-json\/wp\/v2\/pages\/3078\/revisions"}],"predecessor-version":[{"id":3082,"href":"https:\/\/themakersclub.it\/de\/wp-json\/wp\/v2\/pages\/3078\/revisions\/3082"}],"wp:attachment":[{"href":"https:\/\/themakersclub.it\/de\/wp-json\/wp\/v2\/media?parent=3078"}],"curies":[{"name":"wp","href":"https:\/\/api.w.org\/{rel}","templated":true}]}}